
{"id":8494,"date":"2026-04-07T21:13:19","date_gmt":"2026-04-07T21:13:19","guid":{"rendered":"https:\/\/patriciagirao.com\/?post_type=product&#038;p=8494"},"modified":"2026-04-07T21:44:13","modified_gmt":"2026-04-07T21:44:13","slug":"personalized-bracelets-copia","status":"publish","type":"product","link":"https:\/\/patriciagirao.com\/en\/produto\/personalized-bracelets-copia\/","title":{"rendered":"Personalized Bracelets (C\u00f3pia)"},"content":{"rendered":"<p><strong>Art always with you <\/strong>&#8211; If I&#8217;ve already created a personalized design for you, why not split it up into smaller gifts so you can share it? This accessory is a great idea, and you have several colors of stainless steel available to suit any taste. <strong><br \/>\n<\/strong><\/p>\n<p><strong>Personalized pendant<\/strong> &#8211; A bracelet personalized with the image of your choice, so you can always carry the one you love with you.<\/p>\n<p><strong>A unique photo on the inside<\/strong> &#8211; Each bracelet has a personalized image on the inside that only you can see. Take a peek inside or use your phone&#8217;s camera to reveal it. <\/p>\n<p><strong>An excellent gift option<\/strong> &#8211; Our bracelets are an excellent choice for any occasion: birthdays, special days or simply to thank the special people in your life.<\/p>\n<p>They take a maximum of 1 week to create, then you just have to wait for them to arrive at your home in a few days.<\/p>\n","protected":false},"excerpt":{"rendered":"<p data-start=\"138\" data-end=\"209\">Do you have a <strong>photo <\/strong><strong>with great meaning<\/strong> or have you made a <strong>personalized portrait<\/strong> with me, but would like to <strong>apply it to smaller, portable gifts<\/strong> to give to other people you love?<\/p>\n<p data-start=\"211\" data-end=\"315\"><strong>Then these personalized bracelets are exactly what you&#8217;re looking for!<\/strong>Discreet and elegant, made of stainless steel and adjustable to all wrists, they are the perfect accessory for always carrying those who really matter with you.<\/p>\n<div class=\"about__accordion-description\">\n<div class=\"about__accordion-description\"><\/div>\n<\/div>\n","protected":false},"featured_media":8517,"comment_status":"open","ping_status":"closed","template":"","meta":[],"product_brand":[],"product_cat":[141],"product_tag":[],"class_list":{"0":"post-8494","1":"product","2":"type-product","3":"status-publish","4":"has-post-thumbnail","6":"product_cat-personalized-bracelet","8":"first","9":"instock","10":"sale","11":"shipping-taxable","12":"purchasable","13":"product-type-variable"},"yoast_head":"<!-- This site is optimized with the Yoast SEO plugin v25.1 - https:\/\/yoast.com\/wordpress\/plugins\/seo\/ -->\n<title>Personalized Bracelets (C\u00f3pia) - Patr\u00edcia Gir\u00e3o<\/title>\n<meta name=\"robots\" content=\"index, follow, max-snippet:-1, max-image-preview:large, max-video-preview:-1\" \/>\n<link rel=\"canonical\" href=\"https:\/\/patriciagirao.com\/en\/produto\/personalized-bracelets-copia\/\" \/>\n<meta property=\"og:locale\" content=\"en_US\" \/>\n<meta property=\"og:type\" content=\"article\" \/>\n<meta property=\"og:title\" content=\"Personalized Bracelets (C\u00f3pia) - Patr\u00edcia Gir\u00e3o\" \/>\n<meta property=\"og:description\" content=\"Do you have a photo with great meaning or have you made a personalized portrait with me, but would like to apply it to smaller, portable gifts to give to other people you love? Then these personalized bracelets are exactly what you&#039;re looking for!Discreet and elegant, made of stainless steel and adjustable to all wrists, they are the perfect accessory for always carrying those who really matter with you.\" \/>\n<meta property=\"og:url\" content=\"https:\/\/patriciagirao.com\/en\/produto\/personalized-bracelets-copia\/\" \/>\n<meta property=\"og:site_name\" content=\"Patr\u00edcia Gir\u00e3o\" \/>\n<meta property=\"article:publisher\" content=\"https:\/\/www.facebook.com\/patriciagiraogallery\" \/>\n<meta property=\"article:modified_time\" content=\"2026-04-07T21:44:13+00:00\" \/>\n<meta property=\"og:image\" content=\"https:\/\/patriciagirao.com\/wp-content\/uploads\/2025\/03\/Pulseiras.webp\" \/>\n\t<meta property=\"og:image:width\" content=\"2560\" \/>\n\t<meta property=\"og:image:height\" content=\"1855\" \/>\n\t<meta property=\"og:image:type\" content=\"image\/webp\" \/>\n<meta name=\"twitter:card\" content=\"summary_large_image\" \/>\n<meta name=\"twitter:label1\" content=\"Est. reading time\" \/>\n\t<meta name=\"twitter:data1\" content=\"1 minute\" \/>\n<script type=\"application\/ld+json\" class=\"yoast-schema-graph\">{\"@context\":\"https:\/\/schema.org\",\"@graph\":[{\"@type\":\"WebPage\",\"@id\":\"https:\/\/patriciagirao.com\/en\/produto\/personalized-bracelets-copia\/\",\"url\":\"https:\/\/patriciagirao.com\/en\/produto\/personalized-bracelets-copia\/\",\"name\":\"Personalized Bracelets (C\u00f3pia) - Patr\u00edcia Gir\u00e3o\",\"isPartOf\":{\"@id\":\"https:\/\/patriciagirao.com\/#website\"},\"primaryImageOfPage\":{\"@id\":\"https:\/\/patriciagirao.com\/en\/produto\/personalized-bracelets-copia\/#primaryimage\"},\"image\":{\"@id\":\"https:\/\/patriciagirao.com\/en\/produto\/personalized-bracelets-copia\/#primaryimage\"},\"thumbnailUrl\":\"https:\/\/patriciagirao.com\/wp-content\/uploads\/2026\/04\/S69d427ddce9740c9b335b7617e6bc3f2o.jpg\",\"datePublished\":\"2026-04-07T21:13:19+00:00\",\"dateModified\":\"2026-04-07T21:44:13+00:00\",\"breadcrumb\":{\"@id\":\"https:\/\/patriciagirao.com\/en\/produto\/personalized-bracelets-copia\/#breadcrumb\"},\"inLanguage\":\"en-US\",\"potentialAction\":[{\"@type\":\"ReadAction\",\"target\":[\"https:\/\/patriciagirao.com\/en\/produto\/personalized-bracelets-copia\/\"]}]},{\"@type\":\"ImageObject\",\"inLanguage\":\"en-US\",\"@id\":\"https:\/\/patriciagirao.com\/en\/produto\/personalized-bracelets-copia\/#primaryimage\",\"url\":\"https:\/\/patriciagirao.com\/wp-content\/uploads\/2026\/04\/S69d427ddce9740c9b335b7617e6bc3f2o.jpg\",\"contentUrl\":\"https:\/\/patriciagirao.com\/wp-content\/uploads\/2026\/04\/S69d427ddce9740c9b335b7617e6bc3f2o.jpg\",\"width\":694,\"height\":694},{\"@type\":\"BreadcrumbList\",\"@id\":\"https:\/\/patriciagirao.com\/en\/produto\/personalized-bracelets-copia\/#breadcrumb\",\"itemListElement\":[{\"@type\":\"ListItem\",\"position\":1,\"name\":\"In\u00edcio\",\"item\":\"https:\/\/patriciagirao.com\/en\/home\/\"},{\"@type\":\"ListItem\",\"position\":2,\"name\":\"Produtos\",\"item\":\"https:\/\/patriciagirao.com\/shop\/\"},{\"@type\":\"ListItem\",\"position\":3,\"name\":\"Personalized Bracelets (C\u00f3pia)\"}]},{\"@type\":\"WebSite\",\"@id\":\"https:\/\/patriciagirao.com\/#website\",\"url\":\"https:\/\/patriciagirao.com\/\",\"name\":\"Retratos Personalizados por Patr\u00edcia Gir\u00e3o \u2013 Arte Exclusiva\",\"description\":\"\",\"publisher\":{\"@id\":\"https:\/\/patriciagirao.com\/#organization\"},\"potentialAction\":[{\"@type\":\"SearchAction\",\"target\":{\"@type\":\"EntryPoint\",\"urlTemplate\":\"https:\/\/patriciagirao.com\/?s={search_term_string}\"},\"query-input\":{\"@type\":\"PropertyValueSpecification\",\"valueRequired\":true,\"valueName\":\"search_term_string\"}}],\"inLanguage\":\"en-US\"},{\"@type\":\"Organization\",\"@id\":\"https:\/\/patriciagirao.com\/#organization\",\"name\":\"Patr\u00edcia Gir\u00e3o\",\"url\":\"https:\/\/patriciagirao.com\/\",\"logo\":{\"@type\":\"ImageObject\",\"inLanguage\":\"en-US\",\"@id\":\"https:\/\/patriciagirao.com\/#\/schema\/logo\/image\/\",\"url\":\"https:\/\/patriciagirao.com\/wp-content\/uploads\/2025\/02\/Logoassinatura512.webp\",\"contentUrl\":\"https:\/\/patriciagirao.com\/wp-content\/uploads\/2025\/02\/Logoassinatura512.webp\",\"width\":512,\"height\":125,\"caption\":\"Patr\u00edcia Gir\u00e3o\"},\"image\":{\"@id\":\"https:\/\/patriciagirao.com\/#\/schema\/logo\/image\/\"},\"sameAs\":[\"https:\/\/www.facebook.com\/patriciagiraogallery\",\"https:\/\/www.instagram.com\/patriciagiraogallery\"]}]}<\/script>\n<!-- \/ Yoast SEO plugin. -->","yoast_head_json":{"title":"Personalized Bracelets (C\u00f3pia) - Patr\u00edcia Gir\u00e3o","robots":{"index":"index","follow":"follow","max-snippet":"max-snippet:-1","max-image-preview":"max-image-preview:large","max-video-preview":"max-video-preview:-1"},"canonical":"https:\/\/patriciagirao.com\/en\/produto\/personalized-bracelets-copia\/","og_locale":"en_US","og_type":"article","og_title":"Personalized Bracelets (C\u00f3pia) - Patr\u00edcia Gir\u00e3o","og_description":"Do you have a photo with great meaning or have you made a personalized portrait with me, but would like to apply it to smaller, portable gifts to give to other people you love? Then these personalized bracelets are exactly what you're looking for!Discreet and elegant, made of stainless steel and adjustable to all wrists, they are the perfect accessory for always carrying those who really matter with you.","og_url":"https:\/\/patriciagirao.com\/en\/produto\/personalized-bracelets-copia\/","og_site_name":"Patr\u00edcia Gir\u00e3o","article_publisher":"https:\/\/www.facebook.com\/patriciagiraogallery","article_modified_time":"2026-04-07T21:44:13+00:00","og_image":[{"width":2560,"height":1855,"url":"https:\/\/patriciagirao.com\/wp-content\/uploads\/2025\/03\/Pulseiras.webp","type":"image\/webp"}],"twitter_card":"summary_large_image","twitter_misc":{"Est. reading time":"1 minute"},"schema":{"@context":"https:\/\/schema.org","@graph":[{"@type":"WebPage","@id":"https:\/\/patriciagirao.com\/en\/produto\/personalized-bracelets-copia\/","url":"https:\/\/patriciagirao.com\/en\/produto\/personalized-bracelets-copia\/","name":"Personalized Bracelets (C\u00f3pia) - Patr\u00edcia Gir\u00e3o","isPartOf":{"@id":"https:\/\/patriciagirao.com\/#website"},"primaryImageOfPage":{"@id":"https:\/\/patriciagirao.com\/en\/produto\/personalized-bracelets-copia\/#primaryimage"},"image":{"@id":"https:\/\/patriciagirao.com\/en\/produto\/personalized-bracelets-copia\/#primaryimage"},"thumbnailUrl":"https:\/\/patriciagirao.com\/wp-content\/uploads\/2026\/04\/S69d427ddce9740c9b335b7617e6bc3f2o.jpg","datePublished":"2026-04-07T21:13:19+00:00","dateModified":"2026-04-07T21:44:13+00:00","breadcrumb":{"@id":"https:\/\/patriciagirao.com\/en\/produto\/personalized-bracelets-copia\/#breadcrumb"},"inLanguage":"en-US","potentialAction":[{"@type":"ReadAction","target":["https:\/\/patriciagirao.com\/en\/produto\/personalized-bracelets-copia\/"]}]},{"@type":"ImageObject","inLanguage":"en-US","@id":"https:\/\/patriciagirao.com\/en\/produto\/personalized-bracelets-copia\/#primaryimage","url":"https:\/\/patriciagirao.com\/wp-content\/uploads\/2026\/04\/S69d427ddce9740c9b335b7617e6bc3f2o.jpg","contentUrl":"https:\/\/patriciagirao.com\/wp-content\/uploads\/2026\/04\/S69d427ddce9740c9b335b7617e6bc3f2o.jpg","width":694,"height":694},{"@type":"BreadcrumbList","@id":"https:\/\/patriciagirao.com\/en\/produto\/personalized-bracelets-copia\/#breadcrumb","itemListElement":[{"@type":"ListItem","position":1,"name":"In\u00edcio","item":"https:\/\/patriciagirao.com\/en\/home\/"},{"@type":"ListItem","position":2,"name":"Produtos","item":"https:\/\/patriciagirao.com\/shop\/"},{"@type":"ListItem","position":3,"name":"Personalized Bracelets (C\u00f3pia)"}]},{"@type":"WebSite","@id":"https:\/\/patriciagirao.com\/#website","url":"https:\/\/patriciagirao.com\/","name":"Retratos Personalizados por Patr\u00edcia Gir\u00e3o \u2013 Arte Exclusiva","description":"","publisher":{"@id":"https:\/\/patriciagirao.com\/#organization"},"potentialAction":[{"@type":"SearchAction","target":{"@type":"EntryPoint","urlTemplate":"https:\/\/patriciagirao.com\/?s={search_term_string}"},"query-input":{"@type":"PropertyValueSpecification","valueRequired":true,"valueName":"search_term_string"}}],"inLanguage":"en-US"},{"@type":"Organization","@id":"https:\/\/patriciagirao.com\/#organization","name":"Patr\u00edcia Gir\u00e3o","url":"https:\/\/patriciagirao.com\/","logo":{"@type":"ImageObject","inLanguage":"en-US","@id":"https:\/\/patriciagirao.com\/#\/schema\/logo\/image\/","url":"https:\/\/patriciagirao.com\/wp-content\/uploads\/2025\/02\/Logoassinatura512.webp","contentUrl":"https:\/\/patriciagirao.com\/wp-content\/uploads\/2025\/02\/Logoassinatura512.webp","width":512,"height":125,"caption":"Patr\u00edcia Gir\u00e3o"},"image":{"@id":"https:\/\/patriciagirao.com\/#\/schema\/logo\/image\/"},"sameAs":["https:\/\/www.facebook.com\/patriciagiraogallery","https:\/\/www.instagram.com\/patriciagiraogallery"]}]}},"_links":{"self":[{"href":"https:\/\/patriciagirao.com\/en\/wp-json\/wp\/v2\/product\/8494","targetHints":{"allow":["GET"]}}],"collection":[{"href":"https:\/\/patriciagirao.com\/en\/wp-json\/wp\/v2\/product"}],"about":[{"href":"https:\/\/patriciagirao.com\/en\/wp-json\/wp\/v2\/types\/product"}],"replies":[{"embeddable":true,"href":"https:\/\/patriciagirao.com\/en\/wp-json\/wp\/v2\/comments?post=8494"}],"wp:featuredmedia":[{"embeddable":true,"href":"https:\/\/patriciagirao.com\/en\/wp-json\/wp\/v2\/media\/8517"}],"wp:attachment":[{"href":"https:\/\/patriciagirao.com\/en\/wp-json\/wp\/v2\/media?parent=8494"}],"wp:term":[{"taxonomy":"product_brand","embeddable":true,"href":"https:\/\/patriciagirao.com\/en\/wp-json\/wp\/v2\/product_brand?post=8494"},{"taxonomy":"product_cat","embeddable":true,"href":"https:\/\/patriciagirao.com\/en\/wp-json\/wp\/v2\/product_cat?post=8494"},{"taxonomy":"product_tag","embeddable":true,"href":"https:\/\/patriciagirao.com\/en\/wp-json\/wp\/v2\/product_tag?post=8494"}],"curies":[{"name":"wp","href":"https:\/\/api.w.org\/{rel}","templated":true}]}}