
{"id":8566,"date":"2026-04-29T20:37:59","date_gmt":"2026-04-29T20:37:59","guid":{"rendered":"https:\/\/patriciagirao.com\/?post_type=product&#038;p=8566"},"modified":"2026-04-30T13:02:11","modified_gmt":"2026-04-30T13:02:11","slug":"senecio-pintura-a-oleo","status":"publish","type":"product","link":"https:\/\/patriciagirao.com\/en\/produto\/senecio-pintura-a-oleo\/","title":{"rendered":"&#8220;Senecio&#8221; &#8211; Pintura a \u00d3leo"},"content":{"rendered":"<p>Em 2020 criei uma cole\u00e7\u00e3o com 4 <strong>quadros pintados a \u00f3leo<\/strong> das minhas suculentas favoritas.<\/p>\n<p>Agora, dou-te a oportunidade de adicionares uma delas \u00e0 tua cole\u00e7\u00e3o de Arte, para que possa <em>alegrar a tua casa todos os dias.<\/em><\/p>\n<p><strong>&#8220;Senecio&#8221;<\/strong><br \/>\n21x24cm<br \/>\n2020<br \/>\n\u00f3leo sobre papel telado<\/p>\n<p><strong>O valor inclui:<\/strong><br \/>\n<strong>\u2733 <\/strong>quadro original, assinado pela artista<br \/>\n<strong>\u2733 <\/strong>certificado de autenticidade da obra<br \/>\n<strong>\u2733<\/strong> envio em encomenda expresso para Portugal continental &amp; ilhas<em> \u2500 sendo que tamb\u00e9m \u00e9 poss\u00edvel enviar para fora de Portugal<\/em><\/p>\n<p><strong>\u2733<\/strong> n\u00e3o est\u00e1 inclu\u00edda moldura, mas \u00e9 poss\u00edvel adicionar e enviar-te j\u00e1 pronto a pendurar.<\/p>\n","protected":false},"excerpt":{"rendered":"<p>Em 2020 criei uma cole\u00e7\u00e3o com 4 quadros pintados a \u00f3leo das minhas suculentas favoritas. Agora, dou-te a oportunidade de adicionares uma delas \u00e0 tua cole\u00e7\u00e3o de Arte, para que possa alegrar a tua casa todos os dias. &#8220;Senecio&#8221; 21x24cm 2020 \u00f3leo sobre papel telado O valor inclui: \u2733 quadro original, assinado pela artista \u2733 [&hellip;]<\/p>\n","protected":false},"featured_media":8609,"comment_status":"open","ping_status":"closed","template":"","meta":[],"product_brand":[],"product_cat":[145],"product_tag":[],"class_list":{"0":"post-8566","1":"product","2":"type-product","3":"status-publish","4":"has-post-thumbnail","6":"product_cat-originais","8":"first","9":"instock","10":"shipping-taxable","11":"purchasable","12":"product-type-simple"},"yoast_head":"<!-- This site is optimized with the Yoast SEO plugin v25.1 - https:\/\/yoast.com\/wordpress\/plugins\/seo\/ -->\n<title>&quot;Senecio&quot; - Pintura a \u00d3leo - Patr\u00edcia Gir\u00e3o<\/title>\n<meta name=\"description\" content=\"Agora tens a oportunidade de acolher uma obra original pintada a \u00f3leo, de uma das minhas suculentas favoritas.\" \/>\n<meta name=\"robots\" content=\"index, follow, max-snippet:-1, max-image-preview:large, max-video-preview:-1\" \/>\n<link rel=\"canonical\" href=\"https:\/\/patriciagirao.com\/produto\/senecio-pintura-a-oleo\/\" \/>\n<meta property=\"og:locale\" content=\"en_US\" \/>\n<meta property=\"og:type\" content=\"article\" \/>\n<meta property=\"og:title\" content=\"&quot;Senecio&quot; - Pintura a \u00d3leo - Patr\u00edcia Gir\u00e3o\" \/>\n<meta property=\"og:description\" content=\"Agora tens a oportunidade de acolher uma obra original pintada a \u00f3leo, de uma das minhas suculentas favoritas.\" \/>\n<meta property=\"og:url\" content=\"https:\/\/patriciagirao.com\/produto\/senecio-pintura-a-oleo\/\" \/>\n<meta property=\"og:site_name\" content=\"Patr\u00edcia Gir\u00e3o\" \/>\n<meta property=\"article:publisher\" content=\"https:\/\/www.facebook.com\/patriciagiraogallery\" \/>\n<meta property=\"article:modified_time\" content=\"2026-04-30T13:02:11+00:00\" \/>\n<meta property=\"og:image\" content=\"https:\/\/patriciagirao.com\/wp-content\/uploads\/2026\/04\/site-1-scaled.jpg\" \/>\n\t<meta property=\"og:image:width\" content=\"2560\" \/>\n\t<meta property=\"og:image:height\" content=\"2560\" \/>\n\t<meta property=\"og:image:type\" content=\"image\/jpeg\" \/>\n<meta name=\"twitter:card\" content=\"summary_large_image\" \/>\n<meta name=\"twitter:label1\" content=\"Est. reading time\" \/>\n\t<meta name=\"twitter:data1\" content=\"1 minute\" \/>\n<script type=\"application\/ld+json\" class=\"yoast-schema-graph\">{\"@context\":\"https:\/\/schema.org\",\"@graph\":[{\"@type\":\"WebPage\",\"@id\":\"https:\/\/patriciagirao.com\/produto\/senecio-pintura-a-oleo\/\",\"url\":\"https:\/\/patriciagirao.com\/produto\/senecio-pintura-a-oleo\/\",\"name\":\"\\\"Senecio\\\" - Pintura a \u00d3leo - Patr\u00edcia Gir\u00e3o\",\"isPartOf\":{\"@id\":\"https:\/\/patriciagirao.com\/#website\"},\"primaryImageOfPage\":{\"@id\":\"https:\/\/patriciagirao.com\/produto\/senecio-pintura-a-oleo\/#primaryimage\"},\"image\":{\"@id\":\"https:\/\/patriciagirao.com\/produto\/senecio-pintura-a-oleo\/#primaryimage\"},\"thumbnailUrl\":\"https:\/\/patriciagirao.com\/wp-content\/uploads\/2026\/04\/site-1-scaled.jpg\",\"datePublished\":\"2026-04-29T20:37:59+00:00\",\"dateModified\":\"2026-04-30T13:02:11+00:00\",\"description\":\"Agora tens a oportunidade de acolher uma obra original pintada a \u00f3leo, de uma das minhas suculentas favoritas.\",\"breadcrumb\":{\"@id\":\"https:\/\/patriciagirao.com\/produto\/senecio-pintura-a-oleo\/#breadcrumb\"},\"inLanguage\":\"en-US\",\"potentialAction\":[{\"@type\":\"ReadAction\",\"target\":[\"https:\/\/patriciagirao.com\/produto\/senecio-pintura-a-oleo\/\"]}]},{\"@type\":\"ImageObject\",\"inLanguage\":\"en-US\",\"@id\":\"https:\/\/patriciagirao.com\/produto\/senecio-pintura-a-oleo\/#primaryimage\",\"url\":\"https:\/\/patriciagirao.com\/wp-content\/uploads\/2026\/04\/site-1-scaled.jpg\",\"contentUrl\":\"https:\/\/patriciagirao.com\/wp-content\/uploads\/2026\/04\/site-1-scaled.jpg\",\"width\":2560,\"height\":2560},{\"@type\":\"BreadcrumbList\",\"@id\":\"https:\/\/patriciagirao.com\/produto\/senecio-pintura-a-oleo\/#breadcrumb\",\"itemListElement\":[{\"@type\":\"ListItem\",\"position\":1,\"name\":\"In\u00edcio\",\"item\":\"https:\/\/patriciagirao.com\/en\/home\/\"},{\"@type\":\"ListItem\",\"position\":2,\"name\":\"Produtos\",\"item\":\"https:\/\/patriciagirao.com\/shop\/\"},{\"@type\":\"ListItem\",\"position\":3,\"name\":\"&#8220;Senecio&#8221; &#8211; Pintura a \u00d3leo\"}]},{\"@type\":\"WebSite\",\"@id\":\"https:\/\/patriciagirao.com\/#website\",\"url\":\"https:\/\/patriciagirao.com\/\",\"name\":\"Retratos Personalizados por Patr\u00edcia Gir\u00e3o \u2013 Arte Exclusiva\",\"description\":\"\",\"publisher\":{\"@id\":\"https:\/\/patriciagirao.com\/#organization\"},\"potentialAction\":[{\"@type\":\"SearchAction\",\"target\":{\"@type\":\"EntryPoint\",\"urlTemplate\":\"https:\/\/patriciagirao.com\/?s={search_term_string}\"},\"query-input\":{\"@type\":\"PropertyValueSpecification\",\"valueRequired\":true,\"valueName\":\"search_term_string\"}}],\"inLanguage\":\"en-US\"},{\"@type\":\"Organization\",\"@id\":\"https:\/\/patriciagirao.com\/#organization\",\"name\":\"Patr\u00edcia Gir\u00e3o\",\"url\":\"https:\/\/patriciagirao.com\/\",\"logo\":{\"@type\":\"ImageObject\",\"inLanguage\":\"en-US\",\"@id\":\"https:\/\/patriciagirao.com\/#\/schema\/logo\/image\/\",\"url\":\"https:\/\/patriciagirao.com\/wp-content\/uploads\/2025\/02\/Logoassinatura512.webp\",\"contentUrl\":\"https:\/\/patriciagirao.com\/wp-content\/uploads\/2025\/02\/Logoassinatura512.webp\",\"width\":512,\"height\":125,\"caption\":\"Patr\u00edcia Gir\u00e3o\"},\"image\":{\"@id\":\"https:\/\/patriciagirao.com\/#\/schema\/logo\/image\/\"},\"sameAs\":[\"https:\/\/www.facebook.com\/patriciagiraogallery\",\"https:\/\/www.instagram.com\/patriciagiraogallery\"]}]}<\/script>\n<!-- \/ Yoast SEO plugin. -->","yoast_head_json":{"title":"\"Senecio\" - Pintura a \u00d3leo - Patr\u00edcia Gir\u00e3o","description":"Agora tens a oportunidade de acolher uma obra original pintada a \u00f3leo, de uma das minhas suculentas favoritas.","robots":{"index":"index","follow":"follow","max-snippet":"max-snippet:-1","max-image-preview":"max-image-preview:large","max-video-preview":"max-video-preview:-1"},"canonical":"https:\/\/patriciagirao.com\/produto\/senecio-pintura-a-oleo\/","og_locale":"en_US","og_type":"article","og_title":"\"Senecio\" - Pintura a \u00d3leo - Patr\u00edcia Gir\u00e3o","og_description":"Agora tens a oportunidade de acolher uma obra original pintada a \u00f3leo, de uma das minhas suculentas favoritas.","og_url":"https:\/\/patriciagirao.com\/produto\/senecio-pintura-a-oleo\/","og_site_name":"Patr\u00edcia Gir\u00e3o","article_publisher":"https:\/\/www.facebook.com\/patriciagiraogallery","article_modified_time":"2026-04-30T13:02:11+00:00","og_image":[{"width":2560,"height":2560,"url":"https:\/\/patriciagirao.com\/wp-content\/uploads\/2026\/04\/site-1-scaled.jpg","type":"image\/jpeg"}],"twitter_card":"summary_large_image","twitter_misc":{"Est. reading time":"1 minute"},"schema":{"@context":"https:\/\/schema.org","@graph":[{"@type":"WebPage","@id":"https:\/\/patriciagirao.com\/produto\/senecio-pintura-a-oleo\/","url":"https:\/\/patriciagirao.com\/produto\/senecio-pintura-a-oleo\/","name":"\"Senecio\" - Pintura a \u00d3leo - Patr\u00edcia Gir\u00e3o","isPartOf":{"@id":"https:\/\/patriciagirao.com\/#website"},"primaryImageOfPage":{"@id":"https:\/\/patriciagirao.com\/produto\/senecio-pintura-a-oleo\/#primaryimage"},"image":{"@id":"https:\/\/patriciagirao.com\/produto\/senecio-pintura-a-oleo\/#primaryimage"},"thumbnailUrl":"https:\/\/patriciagirao.com\/wp-content\/uploads\/2026\/04\/site-1-scaled.jpg","datePublished":"2026-04-29T20:37:59+00:00","dateModified":"2026-04-30T13:02:11+00:00","description":"Agora tens a oportunidade de acolher uma obra original pintada a \u00f3leo, de uma das minhas suculentas favoritas.","breadcrumb":{"@id":"https:\/\/patriciagirao.com\/produto\/senecio-pintura-a-oleo\/#breadcrumb"},"inLanguage":"en-US","potentialAction":[{"@type":"ReadAction","target":["https:\/\/patriciagirao.com\/produto\/senecio-pintura-a-oleo\/"]}]},{"@type":"ImageObject","inLanguage":"en-US","@id":"https:\/\/patriciagirao.com\/produto\/senecio-pintura-a-oleo\/#primaryimage","url":"https:\/\/patriciagirao.com\/wp-content\/uploads\/2026\/04\/site-1-scaled.jpg","contentUrl":"https:\/\/patriciagirao.com\/wp-content\/uploads\/2026\/04\/site-1-scaled.jpg","width":2560,"height":2560},{"@type":"BreadcrumbList","@id":"https:\/\/patriciagirao.com\/produto\/senecio-pintura-a-oleo\/#breadcrumb","itemListElement":[{"@type":"ListItem","position":1,"name":"In\u00edcio","item":"https:\/\/patriciagirao.com\/en\/home\/"},{"@type":"ListItem","position":2,"name":"Produtos","item":"https:\/\/patriciagirao.com\/shop\/"},{"@type":"ListItem","position":3,"name":"&#8220;Senecio&#8221; &#8211; Pintura a \u00d3leo"}]},{"@type":"WebSite","@id":"https:\/\/patriciagirao.com\/#website","url":"https:\/\/patriciagirao.com\/","name":"Retratos Personalizados por Patr\u00edcia Gir\u00e3o \u2013 Arte Exclusiva","description":"","publisher":{"@id":"https:\/\/patriciagirao.com\/#organization"},"potentialAction":[{"@type":"SearchAction","target":{"@type":"EntryPoint","urlTemplate":"https:\/\/patriciagirao.com\/?s={search_term_string}"},"query-input":{"@type":"PropertyValueSpecification","valueRequired":true,"valueName":"search_term_string"}}],"inLanguage":"en-US"},{"@type":"Organization","@id":"https:\/\/patriciagirao.com\/#organization","name":"Patr\u00edcia Gir\u00e3o","url":"https:\/\/patriciagirao.com\/","logo":{"@type":"ImageObject","inLanguage":"en-US","@id":"https:\/\/patriciagirao.com\/#\/schema\/logo\/image\/","url":"https:\/\/patriciagirao.com\/wp-content\/uploads\/2025\/02\/Logoassinatura512.webp","contentUrl":"https:\/\/patriciagirao.com\/wp-content\/uploads\/2025\/02\/Logoassinatura512.webp","width":512,"height":125,"caption":"Patr\u00edcia Gir\u00e3o"},"image":{"@id":"https:\/\/patriciagirao.com\/#\/schema\/logo\/image\/"},"sameAs":["https:\/\/www.facebook.com\/patriciagiraogallery","https:\/\/www.instagram.com\/patriciagiraogallery"]}]}},"_links":{"self":[{"href":"https:\/\/patriciagirao.com\/en\/wp-json\/wp\/v2\/product\/8566","targetHints":{"allow":["GET"]}}],"collection":[{"href":"https:\/\/patriciagirao.com\/en\/wp-json\/wp\/v2\/product"}],"about":[{"href":"https:\/\/patriciagirao.com\/en\/wp-json\/wp\/v2\/types\/product"}],"replies":[{"embeddable":true,"href":"https:\/\/patriciagirao.com\/en\/wp-json\/wp\/v2\/comments?post=8566"}],"wp:featuredmedia":[{"embeddable":true,"href":"https:\/\/patriciagirao.com\/en\/wp-json\/wp\/v2\/media\/8609"}],"wp:attachment":[{"href":"https:\/\/patriciagirao.com\/en\/wp-json\/wp\/v2\/media?parent=8566"}],"wp:term":[{"taxonomy":"product_brand","embeddable":true,"href":"https:\/\/patriciagirao.com\/en\/wp-json\/wp\/v2\/product_brand?post=8566"},{"taxonomy":"product_cat","embeddable":true,"href":"https:\/\/patriciagirao.com\/en\/wp-json\/wp\/v2\/product_cat?post=8566"},{"taxonomy":"product_tag","embeddable":true,"href":"https:\/\/patriciagirao.com\/en\/wp-json\/wp\/v2\/product_tag?post=8566"}],"curies":[{"name":"wp","href":"https:\/\/api.w.org\/{rel}","templated":true}]}}